{"id":17,"date":"2022-04-12T08:23:50","date_gmt":"2022-04-12T08:23:50","guid":{"rendered":"https:\/\/klbtheme.com\/clotya\/?page_id=17"},"modified":"2024-07-10T12:49:04","modified_gmt":"2024-07-10T09:49:04","slug":"iade-ve-geri-odeme-politikasi","status":"publish","type":"page","link":"https:\/\/vinabag.com\/index.php\/iade-ve-geri-odeme-politikasi\/","title":{"rendered":"\u0130ade ve Geri \u00d6deme Politikas\u0131"},"content":{"rendered":"\t\t<div data-elementor-type=\"wp-page\" data-elementor-id=\"17\" class=\"elementor elementor-17\">\n\t\t\t\t\t\t<section class=\"elementor-section elementor-top-section elementor-element elementor-element-7552302 elementor-section-boxed elementor-section-height-default elementor-section-height-default\" data-id=\"7552302\" data-element_type=\"section\" data-e-type=\"section\">\n\t\t\t\t\t\t<div class=\"elementor-container elementor-column-gap-extended\">\n\t\t\t\t\t<div class=\"elementor-column elementor-col-100 elementor-top-column elementor-element elementor-element-e33d6ea\" data-id=\"e33d6ea\" data-element_type=\"column\" data-e-type=\"column\">\n\t\t\t<div class=\"elementor-widget-wrap elementor-element-populated\">\n\t\t\t\t\t\t<div class=\"elementor-element elementor-element-bd40697 elementor-widget elementor-widget-heading\" data-id=\"bd40697\" data-element_type=\"widget\" data-e-type=\"widget\" data-widget_type=\"heading.default\">\n\t\t\t\t<div class=\"elementor-widget-container\">\n\t\t\t\t\t<h3 class=\"elementor-heading-title elementor-size-default\"><h2 style=\"font-family: Jost, sans-serif\">\u0130ade ve Geri \u00d6deme Politikas\u0131<\/h2><\/h3>\t\t\t\t<\/div>\n\t\t\t\t<\/div>\n\t\t\t\t<div class=\"elementor-element elementor-element-8190cfb elementor-widget elementor-widget-text-editor\" data-id=\"8190cfb\" data-element_type=\"widget\" data-e-type=\"widget\" data-widget_type=\"text-editor.default\">\n\t\t\t\t<div class=\"elementor-widget-container\">\n\t\t\t\t\t\t\t\t\t<h2><span style=\"background-color: var(--color-background); color: var(--color-text); font-family: var(--font-primary); font-size: var(--bs-body-font-size); letter-spacing: -0.03px; text-align: var(--bs-body-text-align);\">Mangbags olarak, m\u00fc\u015fteri memnuniyetini en \u00fcst d\u00fczeyde tutmay\u0131 hedefliyoruz. Sat\u0131n ald\u0131\u011f\u0131n\u0131z \u00fcr\u00fcnlerden memnun kalmaman\u0131z durumunda, a\u015fa\u011f\u0131da belirtilen ko\u015fullar \u00e7er\u00e7evesinde iade ve geri \u00f6deme taleplerinizi i\u015fleme al\u0131yoruz.<\/span><\/h2>\n<p><strong>1. \u0130ade ve De\u011fi\u015fim Ko\u015fullar\u0131<\/strong><\/p>\n<p>1.1. <strong>\u0130ade S\u00fcresi:<\/strong> Sat\u0131n ald\u0131\u011f\u0131n\u0131z \u00fcr\u00fcn\u00fc, teslim tarihinden itibaren 14 g\u00fcn i\u00e7inde iade edebilirsiniz. Bu s\u00fcrenin d\u0131\u015f\u0131nda yap\u0131lan iade talepleri kabul edilmeyecektir.<\/p>\n<p>1.2. <strong>\u0130ade \u015eartlar\u0131:<\/strong> \u0130ade edilecek \u00fcr\u00fcnlerin kullan\u0131lmam\u0131\u015f, hasar g\u00f6rmemi\u015f, orijinal ambalaj\u0131nda ve tekrar sat\u0131labilir durumda olmas\u0131 gerekmektedir. \u00dcr\u00fcnlerle birlikte g\u00f6nderilen t\u00fcm aksesuarlar ve fatura gibi belgeler de iade edilmelidir.<\/p>\n<p>1.3. <strong>De\u011fi\u015fim:<\/strong> \u0130ade etmek istedi\u011finiz \u00fcr\u00fcn\u00fc, ayn\u0131 ko\u015fullar \u00e7er\u00e7evesinde ba\u015fka bir \u00fcr\u00fcnle de\u011fi\u015ftirebilirsiniz. De\u011fi\u015fim talepleriniz i\u00e7in bizimle ileti\u015fime ge\u00e7ebilirsiniz.<\/p>\n<p><strong>2. \u0130ade \u0130\u015flemi<\/strong><\/p>\n<p>2.1. <strong>\u0130ade Talebi:<\/strong> \u0130ade talebinizi info@vinabag.com \u00fczerinden bize iletmelisiniz. Talebinizde sipari\u015f numaran\u0131z\u0131 ve iade nedeninizi belirtmeniz gerekmektedir.<\/p>\n<p>2.2. <strong>\u0130ade Onay\u0131:<\/strong> \u0130ade talebiniz taraf\u0131m\u0131zca incelenecek ve onayland\u0131\u011f\u0131 takdirde size iade i\u015flemi i\u00e7in gerekli talimatlar g\u00f6nderilecektir.<\/p>\n<p>2.3. <strong>\u00dcr\u00fcn G\u00f6nderimi:<\/strong> Onaylanm\u0131\u015f iade taleplerinde, \u00fcr\u00fcn\u00fc orijinal ambalaj\u0131nda ve fatura ile birlikte belirtilen adrese g\u00f6nderiniz. Kargo \u00fccretleri, \u00fcr\u00fcn\u00fcn hasarl\u0131 veya kusurlu olmas\u0131 durumu d\u0131\u015f\u0131nda m\u00fc\u015fteriye aittir.<\/p>\n<p><strong>3. Geri \u00d6deme<\/strong><\/p>\n<p>3.1. <strong>Geri \u00d6deme S\u00fcreci:<\/strong> \u0130ade edilen \u00fcr\u00fcn taraf\u0131m\u0131za ula\u015ft\u0131ktan ve incelendikten sonra, geri \u00f6deme i\u015flemi ba\u015flat\u0131l\u0131r. Geri \u00f6deme s\u00fcreci, \u00fcr\u00fcn\u00fcn taraf\u0131m\u0131za ula\u015fmas\u0131ndan itibaren 10 i\u015f g\u00fcn\u00fc i\u00e7erisinde tamamlanacakt\u0131r.<\/p>\n<p>3.2. <strong>Geri \u00d6deme Y\u00f6ntemi:<\/strong> Geri \u00f6demeler, \u00f6deme yaparken kulland\u0131\u011f\u0131n\u0131z y\u00f6ntemle ger\u00e7ekle\u015ftirilecektir. Kredi kart\u0131 ile yap\u0131lan \u00f6demelerde, geri \u00f6deme tutar\u0131 kredi kart\u0131n\u0131za iade edilecektir. Banka havalesi ile yap\u0131lan \u00f6demelerde, geri \u00f6deme tutar\u0131 belirtti\u011finiz banka hesab\u0131na yat\u0131r\u0131lacakt\u0131r.<\/p>\n<p><strong>4. \u0130ade ve De\u011fi\u015fim \u0130\u00e7in \u0130leti\u015fim<\/strong><\/p>\n<p>Herhangi bir soru veya talebiniz i\u00e7in bizimle ileti\u015fime ge\u00e7ebilirsiniz:<\/p>\n<ul>\n<li>E-posta: info@vinabag.com<\/li>\n<\/ul>\n<p>Mangbags olarak, m\u00fc\u015fteri memnuniyetini \u00f6n planda tutarak sizlere en iyi hizmeti sunmay\u0131 ama\u00e7l\u0131yoruz. \u0130ade ve de\u011fi\u015fim s\u00fcre\u00e7lerinde herhangi bir sorun ya\u015faman\u0131z durumunda, l\u00fctfen bizimle ileti\u015fime ge\u00e7mekten \u00e7ekinmeyin.<\/p>\t\t\t\t\t\t\t\t<\/div>\n\t\t\t\t<\/div>\n\t\t\t\t\t<\/div>\n\t\t<\/div>\n\t\t\t\t\t<\/div>\n\t\t<\/section>\n\t\t\t\t<\/div>\n\t\t","protected":false},"excerpt":{"rendered":"<p>\u0130ade ve Geri \u00d6deme Politikas\u0131 Mangbags olarak, m\u00fc\u015fteri memnuniyetini en \u00fcst d\u00fczeyde tutmay\u0131 hedefliyoruz. Sat\u0131n ald\u0131\u011f\u0131n\u0131z \u00fcr\u00fcnlerden memnun kalmaman\u0131z durumunda, a\u015fa\u011f\u0131da belirtilen ko\u015fullar \u00e7er\u00e7evesinde iade ve geri \u00f6deme taleplerinizi i\u015fleme al\u0131yoruz. 1. \u0130ade ve De\u011fi\u015fim Ko\u015fullar\u0131 1.1. \u0130ade S\u00fcresi: Sat\u0131n ald\u0131\u011f\u0131n\u0131z \u00fcr\u00fcn\u00fc, teslim tarihinden itibaren 14 g\u00fcn i\u00e7inde iade edebilirsiniz. Bu s\u00fcrenin d\u0131\u015f\u0131nda yap\u0131lan iade<\/p>\n<div class=\"klb-readmore entry-button\"><a class=\"btn link\" href=\"https:\/\/vinabag.com\/index.php\/iade-ve-geri-odeme-politikasi\/\">Daha fazla bilgi edinin <i class=\"klbth-icon-right-arrow\"><\/i><\/a><\/div>\n","protected":false},"author":1,"featured_media":0,"parent":0,"menu_order":0,"comment_status":"closed","ping_status":"closed","template":"","meta":{"footnotes":""},"class_list":["post-17","page","type-page","status-publish","hentry"],"_links":{"self":[{"href":"https:\/\/vinabag.com\/index.php\/wp-json\/wp\/v2\/pages\/17","targetHints":{"allow":["GET"]}}],"collection":[{"href":"https:\/\/vinabag.com\/index.php\/wp-json\/wp\/v2\/pages"}],"about":[{"href":"https:\/\/vinabag.com\/index.php\/wp-json\/wp\/v2\/types\/page"}],"author":[{"embeddable":true,"href":"https:\/\/vinabag.com\/index.php\/wp-json\/wp\/v2\/users\/1"}],"replies":[{"embeddable":true,"href":"https:\/\/vinabag.com\/index.php\/wp-json\/wp\/v2\/comments?post=17"}],"version-history":[{"count":4,"href":"https:\/\/vinabag.com\/index.php\/wp-json\/wp\/v2\/pages\/17\/revisions"}],"predecessor-version":[{"id":2931,"href":"https:\/\/vinabag.com\/index.php\/wp-json\/wp\/v2\/pages\/17\/revisions\/2931"}],"wp:attachment":[{"href":"https:\/\/vinabag.com\/index.php\/wp-json\/wp\/v2\/media?parent=17"}],"curies":[{"name":"wp","href":"https:\/\/api.w.org\/{rel}","templated":true}]}}