{"id":1996,"date":"2022-05-31T11:04:06","date_gmt":"2022-05-31T11:04:06","guid":{"rendered":"https:\/\/klbtheme.com\/clotya\/?page_id=1996"},"modified":"2024-07-15T16:03:11","modified_gmt":"2024-07-15T13:03:11","slug":"hakkimizda","status":"publish","type":"page","link":"https:\/\/vinabag.com\/index.php\/hakkimizda\/","title":{"rendered":"Hakk\u0131m\u0131zda"},"content":{"rendered":"\t\t<div data-elementor-type=\"wp-page\" data-elementor-id=\"1996\" class=\"elementor elementor-1996\">\n\t\t\t\t\t\t<section class=\"elementor-section elementor-top-section elementor-element elementor-element-7f11364 elementor-section-full_width elementor-section-height-default elementor-section-height-default\" data-id=\"7f11364\" data-element_type=\"section\" data-e-type=\"section\">\n\t\t\t\t\t\t<div class=\"elementor-container elementor-column-gap-no\">\n\t\t\t\t\t<div class=\"elementor-column elementor-col-100 elementor-top-column elementor-element elementor-element-18baa61\" data-id=\"18baa61\" data-element_type=\"column\" data-e-type=\"column\">\n\t\t\t<div class=\"elementor-widget-wrap elementor-element-populated\">\n\t\t\t\t\t\t<div class=\"elementor-element elementor-element-2e42ee9 elementor-widget elementor-widget-image\" data-id=\"2e42ee9\" data-element_type=\"widget\" data-e-type=\"widget\" data-widget_type=\"image.default\">\n\t\t\t\t<div class=\"elementor-widget-container\">\n\t\t\t\t\t\t\t\t\t\t\t\t\t\t\t<img decoding=\"async\" src=\"https:\/\/vinabag.com\/wp-content\/uploads\/2022\/05\/image-12.jpg\" title=\"image-12\" alt=\"image-12\" loading=\"lazy\" \/>\t\t\t\t\t\t\t\t\t\t\t\t\t\t\t<\/div>\n\t\t\t\t<\/div>\n\t\t\t\t\t<\/div>\n\t\t<\/div>\n\t\t\t\t\t<\/div>\n\t\t<\/section>\n\t\t\t\t<section class=\"elementor-section elementor-top-section elementor-element elementor-element-00d3b41 elementor-section-boxed elementor-section-height-default elementor-section-height-default\" data-id=\"00d3b41\" data-element_type=\"section\" data-e-type=\"section\">\n\t\t\t\t\t\t<div class=\"elementor-container elementor-column-gap-extended\">\n\t\t\t\t\t<div class=\"elementor-column elementor-col-50 elementor-top-column elementor-element elementor-element-2819817 for-hero-bg\" data-id=\"2819817\" data-element_type=\"column\" data-e-type=\"column\">\n\t\t\t<div class=\"elementor-widget-wrap elementor-element-populated\">\n\t\t\t\t\t\t<div class=\"elementor-element elementor-element-4723373 elementor-widget elementor-widget-heading\" data-id=\"4723373\" data-element_type=\"widget\" data-e-type=\"widget\" data-widget_type=\"heading.default\">\n\t\t\t\t<div class=\"elementor-widget-container\">\n\t\t\t\t\t<h4 class=\"elementor-heading-title elementor-size-default\">Mang Bags<\/h4>\t\t\t\t<\/div>\n\t\t\t\t<\/div>\n\t\t\t\t<div class=\"elementor-element elementor-element-a11380f elementor-widget elementor-widget-heading\" data-id=\"a11380f\" data-element_type=\"widget\" data-e-type=\"widget\" data-widget_type=\"heading.default\">\n\t\t\t\t<div class=\"elementor-widget-container\">\n\t\t\t\t\t<h1 class=\"elementor-heading-title elementor-size-default\">En iyi kalite ve hizmeti sizlere sunmay\u0131 ama\u00e7l\u0131yoruz.\n<\/h1>\t\t\t\t<\/div>\n\t\t\t\t<\/div>\n\t\t\t\t<div class=\"elementor-element elementor-element-4eae9f2 elementor-widget elementor-widget-heading\" data-id=\"4eae9f2\" data-element_type=\"widget\" data-e-type=\"widget\" data-widget_type=\"heading.default\">\n\t\t\t\t<div class=\"elementor-widget-container\">\n\t\t\t\t\t<p class=\"elementor-heading-title elementor-size-default\">Birinci amac\u0131m\u0131z m\u00fc\u015fteri memnuniyeti olup bunu benimsemi\u015f bir ekibiz. Siz m\u00fc\u015fterilerimize en iyi \u00fcr\u00fcnleri en uygun fiyata sunmak birinci \u00f6nceli\u011fimiz.<\/p>\t\t\t\t<\/div>\n\t\t\t\t<\/div>\n\t\t\t\t\t<\/div>\n\t\t<\/div>\n\t\t\t\t<div class=\"elementor-column elementor-col-25 elementor-top-column elementor-element elementor-element-8b11d54 elementor-hidden-tablet elementor-hidden-mobile\" data-id=\"8b11d54\" data-element_type=\"column\" data-e-type=\"column\">\n\t\t\t<div class=\"elementor-widget-wrap\">\n\t\t\t\t\t\t\t<\/div>\n\t\t<\/div>\n\t\t\t\t<div class=\"elementor-column elementor-col-25 elementor-top-column elementor-element elementor-element-e578e48\" data-id=\"e578e48\" data-element_type=\"column\" data-e-type=\"column\">\n\t\t\t<div class=\"elementor-widget-wrap elementor-element-populated\">\n\t\t\t\t\t\t<div class=\"elementor-element elementor-element-50194b6 elementor-widget elementor-widget-clotya-contact-icon-box\" data-id=\"50194b6\" data-element_type=\"widget\" data-e-type=\"widget\" data-widget_type=\"clotya-contact-icon-box.default\">\n\t\t\t\t<div class=\"elementor-widget-container\">\n\t\t\t\t\t<div class=\"iconbox-contact\"><div class=\"icon\"><i class=\"klbth-icon-store\"><\/i><\/div><div class=\"detail\"><h4 class=\"entry-header\">Mang Bags<\/h4><p><p>Seferihisar \/ izmir<\/p><p>Phone: +905553432979<br \/>Email: info@vinabag.com<\/p><\/p><\/div><!-- detail --><\/div><!-- iconbox-contact -->\t\t\t\t<\/div>\n\t\t\t\t<\/div>\n\t\t\t\t\t<\/div>\n\t\t<\/div>\n\t\t\t\t\t<\/div>\n\t\t<\/section>\n\t\t\t\t<section class=\"elementor-section elementor-top-section elementor-element elementor-element-64c34f7 elementor-section-boxed elementor-section-height-default elementor-section-height-default\" data-id=\"64c34f7\" data-element_type=\"section\" data-e-type=\"section\">\n\t\t\t\t\t\t<div class=\"elementor-container elementor-column-gap-extended\">\n\t\t\t\t\t<div class=\"elementor-column elementor-col-100 elementor-top-column elementor-element elementor-element-c237449\" data-id=\"c237449\" data-element_type=\"column\" data-e-type=\"column\">\n\t\t\t<div class=\"elementor-widget-wrap elementor-element-populated\">\n\t\t\t\t\t\t<div class=\"elementor-element elementor-element-ae99f01 elementor-widget-divider--view-line elementor-widget elementor-widget-divider\" data-id=\"ae99f01\" data-element_type=\"widget\" data-e-type=\"widget\" data-widget_type=\"divider.default\">\n\t\t\t\t<div class=\"elementor-widget-container\">\n\t\t\t\t\t\t\t<div class=\"elementor-divider\">\n\t\t\t<span class=\"elementor-divider-separator\">\n\t\t\t\t\t\t<\/span>\n\t\t<\/div>\n\t\t\t\t\t\t<\/div>\n\t\t\t\t<\/div>\n\t\t\t\t\t<\/div>\n\t\t<\/div>\n\t\t\t\t\t<\/div>\n\t\t<\/section>\n\t\t\t\t<section class=\"elementor-section elementor-top-section elementor-element elementor-element-f33da4a elementor-section-boxed elementor-section-height-default elementor-section-height-default\" data-id=\"f33da4a\" data-element_type=\"section\" data-e-type=\"section\">\n\t\t\t\t\t\t<div class=\"elementor-container elementor-column-gap-extended\">\n\t\t\t\t\t<div class=\"elementor-column elementor-col-25 elementor-top-column elementor-element elementor-element-a086cbb\" data-id=\"a086cbb\" data-element_type=\"column\" data-e-type=\"column\">\n\t\t\t<div class=\"elementor-widget-wrap elementor-element-populated\">\n\t\t\t\t\t\t<div class=\"elementor-element elementor-element-179c93a elementor-widget elementor-widget-heading\" data-id=\"179c93a\" data-element_type=\"widget\" data-e-type=\"widget\" data-widget_type=\"heading.default\">\n\t\t\t\t<div class=\"elementor-widget-container\">\n\t\t\t\t\t<span class=\"elementor-heading-title elementor-size-default\">.01<\/span>\t\t\t\t<\/div>\n\t\t\t\t<\/div>\n\t\t\t\t\t<\/div>\n\t\t<\/div>\n\t\t\t\t<div class=\"elementor-column elementor-col-25 elementor-top-column elementor-element elementor-element-12f75c8\" data-id=\"12f75c8\" data-element_type=\"column\" data-e-type=\"column\">\n\t\t\t<div class=\"elementor-widget-wrap elementor-element-populated\">\n\t\t\t\t\t\t<div class=\"elementor-element elementor-element-6872711 elementor-widget elementor-widget-heading\" data-id=\"6872711\" data-element_type=\"widget\" data-e-type=\"widget\" data-widget_type=\"heading.default\">\n\t\t\t\t<div class=\"elementor-widget-container\">\n\t\t\t\t\t<h4 class=\"elementor-heading-title elementor-size-default\">MANG BANGS HAKKINDA<\/h4>\t\t\t\t<\/div>\n\t\t\t\t<\/div>\n\t\t\t\t<div class=\"elementor-element elementor-element-6ef8f6e elementor-widget elementor-widget-heading\" data-id=\"6ef8f6e\" data-element_type=\"widget\" data-e-type=\"widget\" data-widget_type=\"heading.default\">\n\t\t\t\t<div class=\"elementor-widget-container\">\n\t\t\t\t\t<h2 class=\"elementor-heading-title elementor-size-default\">Bir \u00e7antadan daha fazlas\u0131<\/h2>\t\t\t\t<\/div>\n\t\t\t\t<\/div>\n\t\t\t\t\t<\/div>\n\t\t<\/div>\n\t\t\t\t<div class=\"elementor-column elementor-col-50 elementor-top-column elementor-element elementor-element-b2d84a0\" data-id=\"b2d84a0\" data-element_type=\"column\" data-e-type=\"column\">\n\t\t\t<div class=\"elementor-widget-wrap elementor-element-populated\">\n\t\t\t\t\t\t<div class=\"elementor-element elementor-element-790e35f elementor-widget elementor-widget-heading\" data-id=\"790e35f\" data-element_type=\"widget\" data-e-type=\"widget\" data-widget_type=\"heading.default\">\n\t\t\t\t<div class=\"elementor-widget-container\">\n\t\t\t\t\t<p class=\"elementor-heading-title elementor-size-default\">\u00c7antalar\u0131m\u0131z g\u00fcncel olan en yeni modellerden ilham almaktad\u0131r. Ve sizler i\u00e7in \u00f6zenle se\u00e7ilip adresinize teslim edilmektedir.\n<\/p>\t\t\t\t<\/div>\n\t\t\t\t<\/div>\n\t\t\t\t\t<\/div>\n\t\t<\/div>\n\t\t\t\t\t<\/div>\n\t\t<\/section>\n\t\t\t\t<section class=\"elementor-section elementor-top-section elementor-element elementor-element-7be8ef1 elementor-section-boxed elementor-section-height-default elementor-section-height-default\" data-id=\"7be8ef1\" data-element_type=\"section\" data-e-type=\"section\">\n\t\t\t\t\t\t<div class=\"elementor-container elementor-column-gap-extended\">\n\t\t\t\t\t<div class=\"elementor-column elementor-col-100 elementor-top-column elementor-element elementor-element-64b4716\" data-id=\"64b4716\" data-element_type=\"column\" data-e-type=\"column\">\n\t\t\t<div class=\"elementor-widget-wrap elementor-element-populated\">\n\t\t\t\t\t\t<div class=\"elementor-element elementor-element-cfc3bfa elementor-widget elementor-widget-heading\" data-id=\"cfc3bfa\" data-element_type=\"widget\" data-e-type=\"widget\" data-widget_type=\"heading.default\">\n\t\t\t\t<div class=\"elementor-widget-container\">\n\t\t\t\t\t<p class=\"elementor-heading-title elementor-size-default\">\u015eirketimiz olarak en iyi \u00e7anta modellerini bulup gerekli testleri yapt\u0131ktan sonra sizlerin be\u011fenisine sunuyoruz.<\/p>\t\t\t\t<\/div>\n\t\t\t\t<\/div>\n\t\t\t\t\t<\/div>\n\t\t<\/div>\n\t\t\t\t\t<\/div>\n\t\t<\/section>\n\t\t\t\t<section class=\"elementor-section elementor-top-section elementor-element elementor-element-6fe31ba elementor-section-boxed elementor-section-height-default elementor-section-height-default\" data-id=\"6fe31ba\" data-element_type=\"section\" data-e-type=\"section\">\n\t\t\t\t\t\t<div class=\"elementor-container elementor-column-gap-extended\">\n\t\t\t\t\t<div class=\"elementor-column elementor-col-33 elementor-top-column elementor-element elementor-element-2d904b3\" data-id=\"2d904b3\" data-element_type=\"column\" data-e-type=\"column\">\n\t\t\t<div class=\"elementor-widget-wrap elementor-element-populated\">\n\t\t\t\t\t\t<div class=\"elementor-element elementor-element-1cbffa2 elementor-widget elementor-widget-heading\" data-id=\"1cbffa2\" data-element_type=\"widget\" data-e-type=\"widget\" data-widget_type=\"heading.default\">\n\t\t\t\t<div class=\"elementor-widget-container\">\n\t\t\t\t\t<p class=\"elementor-heading-title elementor-size-default\">Mang Bags olarak, ucuz ve kaliteli \u00e7anta arayan m\u00fc\u015fterilerimiz i\u00e7in en iyi se\u00e7enekleri sunuyoruz. M\u00fc\u015fteri memnuniyetini birinci \u00f6nceli\u011fimiz olarak g\u00f6r\u00fcyoruz ve bu nedenle \u00fcr\u00fcnlerimizi titizlikle se\u00e7iyor, en y\u00fcksek kalite standartlar\u0131nda test ediyoruz. Her b\u00fct\u00e7eye uygun, \u015f\u0131k ve dayan\u0131kl\u0131 \u00e7anta modellerimizle her t\u00fcrl\u00fc ihtiyac\u0131n\u0131z\u0131 kar\u015f\u0131lamak i\u00e7in buraday\u0131z.\n\n\u200b<\/p>\t\t\t\t<\/div>\n\t\t\t\t<\/div>\n\t\t\t\t<div class=\"elementor-element elementor-element-45b6a37 elementor-widget elementor-widget-text-editor\" data-id=\"45b6a37\" data-element_type=\"widget\" data-e-type=\"widget\" data-widget_type=\"text-editor.default\">\n\t\t\t\t<div class=\"elementor-widget-container\">\n\t\t\t\t\t\t\t\t\t<ul><li><p>\u00dcr\u00fcnlerimiz aras\u0131nda \u00e7e\u015fitli stiller ve kullan\u0131mlar i\u00e7in uygun se\u00e7enekler bulunmaktad\u0131r:<\/p><ul><li>G\u00fcnl\u00fck kullan\u0131m i\u00e7in pratik ve hafif \u00e7antalar<\/li><li>\u0130\u015f d\u00fcnyas\u0131 i\u00e7in \u015f\u0131k ve profesyonel \u00e7antalar<\/li><li>Seyahatler i\u00e7in geni\u015f ve dayan\u0131kl\u0131 valizler<\/li><li>Spor ve aktiviteler i\u00e7in uygun spor \u00e7antalar\u0131<\/li><li>\u00d6zel g\u00fcnler ve etkinlikler i\u00e7in zarif ve stil sahibi \u00e7antalar<\/li><\/ul><\/li><\/ul>\t\t\t\t\t\t\t\t<\/div>\n\t\t\t\t<\/div>\n\t\t\t\t<div class=\"elementor-element elementor-element-dae3f59 elementor-widget elementor-widget-heading\" data-id=\"dae3f59\" data-element_type=\"widget\" data-e-type=\"widget\" data-widget_type=\"heading.default\">\n\t\t\t\t<div class=\"elementor-widget-container\">\n\t\t\t\t\t<p class=\"elementor-heading-title elementor-size-default\">M\u00fc\u015fteri memnuniyeti bizim i\u00e7in \u00e7ok \u00f6nemlidir. Bu y\u00fczden sat\u0131\u015f sonras\u0131 hizmetlerimizle de yan\u0131n\u0131zday\u0131z. Herhangi bir sorunla kar\u015f\u0131la\u015ft\u0131\u011f\u0131n\u0131zda veya \u00fcr\u00fcnlerimizle ilgili bir sorunuz oldu\u011funda, profesyonel ve g\u00fcler y\u00fczl\u00fc m\u00fc\u015fteri hizmetlerimizle ileti\u015fime ge\u00e7ebilirsiniz. Mang Bags olarak, siz de\u011ferli m\u00fc\u015fterilerimize en iyi al\u0131\u015fveri\u015f deneyimini sunmay\u0131 hedefliyoruz.<\/p>\t\t\t\t<\/div>\n\t\t\t\t<\/div>\n\t\t\t\t\t<\/div>\n\t\t<\/div>\n\t\t\t\t<div class=\"elementor-column elementor-col-66 elementor-top-column elementor-element elementor-element-287a4ad\" data-id=\"287a4ad\" data-element_type=\"column\" data-e-type=\"column\">\n\t\t\t<div class=\"elementor-widget-wrap elementor-element-populated\">\n\t\t\t\t\t\t<div class=\"elementor-element elementor-element-bc619e0 elementor-widget elementor-widget-image\" data-id=\"bc619e0\" data-element_type=\"widget\" data-e-type=\"widget\" data-widget_type=\"image.default\">\n\t\t\t\t<div class=\"elementor-widget-container\">\n\t\t\t\t\t\t\t\t\t\t\t\t\t\t\t<img fetchpriority=\"high\" decoding=\"async\" width=\"800\" height=\"660\" src=\"https:\/\/vinabag.com\/wp-content\/uploads\/2022\/05\/image-13.jpg\" class=\"attachment-full size-full wp-image-2141\" alt=\"\" srcset=\"https:\/\/vinabag.com\/wp-content\/uploads\/2022\/05\/image-13.jpg 800w, https:\/\/vinabag.com\/wp-content\/uploads\/2022\/05\/image-13-65x54.jpg 65w, https:\/\/vinabag.com\/wp-content\/uploads\/2022\/05\/image-13-600x495.jpg 600w, https:\/\/vinabag.com\/wp-content\/uploads\/2022\/05\/image-13-300x248.jpg 300w, https:\/\/vinabag.com\/wp-content\/uploads\/2022\/05\/image-13-768x634.jpg 768w\" sizes=\"(max-width: 800px) 100vw, 800px\" \/>\t\t\t\t\t\t\t\t\t\t\t\t\t\t\t<\/div>\n\t\t\t\t<\/div>\n\t\t\t\t\t<\/div>\n\t\t<\/div>\n\t\t\t\t\t<\/div>\n\t\t<\/section>\n\t\t\t\t<section class=\"elementor-section elementor-top-section elementor-element elementor-element-330b500 elementor-section-boxed elementor-section-height-default elementor-section-height-default\" data-id=\"330b500\" data-element_type=\"section\" data-e-type=\"section\">\n\t\t\t\t\t\t<div class=\"elementor-container elementor-column-gap-extended\">\n\t\t\t\t\t<div class=\"elementor-column elementor-col-100 elementor-top-column elementor-element elementor-element-8f40a3d\" data-id=\"8f40a3d\" data-element_type=\"column\" data-e-type=\"column\">\n\t\t\t<div class=\"elementor-widget-wrap elementor-element-populated\">\n\t\t\t\t\t\t<div class=\"elementor-element elementor-element-97e3b65 elementor-widget-divider--view-line elementor-widget elementor-widget-divider\" data-id=\"97e3b65\" data-element_type=\"widget\" data-e-type=\"widget\" data-widget_type=\"divider.default\">\n\t\t\t\t<div class=\"elementor-widget-container\">\n\t\t\t\t\t\t\t<div class=\"elementor-divider\">\n\t\t\t<span class=\"elementor-divider-separator\">\n\t\t\t\t\t\t<\/span>\n\t\t<\/div>\n\t\t\t\t\t\t<\/div>\n\t\t\t\t<\/div>\n\t\t\t\t\t<\/div>\n\t\t<\/div>\n\t\t\t\t\t<\/div>\n\t\t<\/section>\n\t\t\t\t<section class=\"elementor-section elementor-top-section elementor-element elementor-element-02e6b06 elementor-section-boxed elementor-section-height-default elementor-section-height-default\" data-id=\"02e6b06\" data-element_type=\"section\" data-e-type=\"section\">\n\t\t\t\t\t\t<div class=\"elementor-container elementor-column-gap-extended\">\n\t\t\t\t\t<div class=\"elementor-column elementor-col-100 elementor-top-column elementor-element elementor-element-630ab41\" data-id=\"630ab41\" data-element_type=\"column\" data-e-type=\"column\">\n\t\t\t<div class=\"elementor-widget-wrap elementor-element-populated\">\n\t\t\t\t\t\t<div class=\"elementor-element elementor-element-d028bd6 elementor-widget elementor-widget-heading\" data-id=\"d028bd6\" data-element_type=\"widget\" data-e-type=\"widget\" data-widget_type=\"heading.default\">\n\t\t\t\t<div class=\"elementor-widget-container\">\n\t\t\t\t\t<p class=\"elementor-heading-title elementor-size-default\">Mang Bags olarak, m\u00fc\u015fterilerimize kaliteli, \u015f\u0131k ve uygun fiyatl\u0131 \u00e7antalar sunmaktan gurur duyuyoruz. M\u00fc\u015fteri memnuniyetini her zaman \u00f6n planda tutarak, sizlere en iyi al\u0131\u015fveri\u015f deneyimini ya\u015fatmay\u0131 hedefliyoruz. \u00dcr\u00fcnlerimizle ilgili herhangi bir sorunuz veya talebiniz oldu\u011funda, her zaman yan\u0131n\u0131zda olmaktan mutluluk duyar\u0131z. Bizi tercih etti\u011finiz i\u00e7in te\u015fekk\u00fcr ederiz. Sizlere en iyi hizmeti sunmak i\u00e7in buraday\u0131z ve her zaman daha iyisi i\u00e7in \u00e7al\u0131\u015fmaya devam edece\u011fiz.<\/p>\t\t\t\t<\/div>\n\t\t\t\t<\/div>\n\t\t\t\t\t<\/div>\n\t\t<\/div>\n\t\t\t\t\t<\/div>\n\t\t<\/section>\n\t\t\t\t<\/div>\n\t\t","protected":false},"excerpt":{"rendered":"<p>Mang Bags En iyi kalite ve hizmeti sizlere sunmay\u0131 ama\u00e7l\u0131yoruz. Birinci amac\u0131m\u0131z m\u00fc\u015fteri memnuniyeti olup bunu benimsemi\u015f bir ekibiz. Siz m\u00fc\u015fterilerimize en iyi \u00fcr\u00fcnleri en uygun fiyata sunmak birinci \u00f6nceli\u011fimiz. Mang Bags Seferihisar \/ izmir Phone: +905553432979Email: info@vinabag.com .01 MANG BANGS HAKKINDA Bir \u00e7antadan daha fazlas\u0131 \u00c7antalar\u0131m\u0131z g\u00fcncel olan en yeni modellerden ilham almaktad\u0131r. Ve<\/p>\n<div class=\"klb-readmore entry-button\"><a class=\"btn link\" href=\"https:\/\/vinabag.com\/index.php\/hakkimizda\/\">Daha fazla bilgi edinin <i class=\"klbth-icon-right-arrow\"><\/i><\/a><\/div>\n","protected":false},"author":1,"featured_media":0,"parent":0,"menu_order":0,"comment_status":"closed","ping_status":"closed","template":"","meta":{"footnotes":""},"class_list":["post-1996","page","type-page","status-publish","hentry"],"_links":{"self":[{"href":"https:\/\/vinabag.com\/index.php\/wp-json\/wp\/v2\/pages\/1996","targetHints":{"allow":["GET"]}}],"collection":[{"href":"https:\/\/vinabag.com\/index.php\/wp-json\/wp\/v2\/pages"}],"about":[{"href":"https:\/\/vinabag.com\/index.php\/wp-json\/wp\/v2\/types\/page"}],"author":[{"embeddable":true,"href":"https:\/\/vinabag.com\/index.php\/wp-json\/wp\/v2\/users\/1"}],"replies":[{"embeddable":true,"href":"https:\/\/vinabag.com\/index.php\/wp-json\/wp\/v2\/comments?post=1996"}],"version-history":[{"count":5,"href":"https:\/\/vinabag.com\/index.php\/wp-json\/wp\/v2\/pages\/1996\/revisions"}],"predecessor-version":[{"id":2952,"href":"https:\/\/vinabag.com\/index.php\/wp-json\/wp\/v2\/pages\/1996\/revisions\/2952"}],"wp:attachment":[{"href":"https:\/\/vinabag.com\/index.php\/wp-json\/wp\/v2\/media?parent=1996"}],"curies":[{"name":"wp","href":"https:\/\/api.w.org\/{rel}","templated":true}]}}