{"id":2701,"date":"2022-04-11T10:35:27","date_gmt":"2022-04-11T10:35:27","guid":{"rendered":"https:\/\/klbtheme.com\/clotya\/?page_id=3"},"modified":"2024-07-10T12:49:29","modified_gmt":"2024-07-10T09:49:29","slug":"gizlilik-politikasi","status":"publish","type":"page","link":"https:\/\/vinabag.com\/index.php\/gizlilik-politikasi\/","title":{"rendered":"Gizlilik Politikas\u0131"},"content":{"rendered":"\t\t<div data-elementor-type=\"wp-page\" data-elementor-id=\"2701\" class=\"elementor elementor-2701\">\n\t\t\t\t\t\t<section class=\"elementor-section elementor-top-section elementor-element elementor-element-5119ae6 elementor-section-boxed elementor-section-height-default elementor-section-height-default\" data-id=\"5119ae6\" data-element_type=\"section\" data-e-type=\"section\">\n\t\t\t\t\t\t<div class=\"elementor-container elementor-column-gap-extended\">\n\t\t\t\t\t<div class=\"elementor-column elementor-col-100 elementor-top-column elementor-element elementor-element-55a96af\" data-id=\"55a96af\" data-element_type=\"column\" data-e-type=\"column\">\n\t\t\t<div class=\"elementor-widget-wrap elementor-element-populated\">\n\t\t\t\t\t\t<div class=\"elementor-element elementor-element-12c4ae2 elementor-widget elementor-widget-heading\" data-id=\"12c4ae2\" data-element_type=\"widget\" data-e-type=\"widget\" data-widget_type=\"heading.default\">\n\t\t\t\t<div class=\"elementor-widget-container\">\n\t\t\t\t\t<h3 class=\"elementor-heading-title elementor-size-default\"><h2 style=\"font-family: Jost, sans-serif\">Gizlilik Politikas\u0131<\/h2><\/h3>\t\t\t\t<\/div>\n\t\t\t\t<\/div>\n\t\t\t\t<div class=\"elementor-element elementor-element-a369ebc elementor-widget elementor-widget-heading\" data-id=\"a369ebc\" data-element_type=\"widget\" data-e-type=\"widget\" data-widget_type=\"heading.default\">\n\t\t\t\t<div class=\"elementor-widget-container\">\n\t\t\t\t\t<p class=\"elementor-heading-title elementor-size-default\"><h2><span style=\"background-color: var(--color-background);color: var(--color-text);font-family: var(--font-primary);font-size: var(--bs-body-font-size);letter-spacing: -0.03px;text-align: var(--bs-body-text-align)\">Mangbags olarak, m\u00fc\u015fterilerimizin gizlili\u011fine b\u00fcy\u00fck \u00f6nem veriyoruz. Bu gizlilik politikas\u0131, ki\u015fisel verilerinizin nas\u0131l topland\u0131\u011f\u0131n\u0131, kullan\u0131ld\u0131\u011f\u0131n\u0131, payla\u015f\u0131ld\u0131\u011f\u0131n\u0131 ve korundu\u011funu a\u00e7\u0131klamaktad\u0131r. Web sitemizi kullanarak, bu politikay\u0131 kabul etmi\u015f say\u0131l\u0131rs\u0131n\u0131z.<\/span><br><\/h2><p><strong>1. Kim Oldu\u011fumuz<\/strong><\/p><p>Web sitemizin adresi: <font color=\"#0a58ca\">https:\/\/vinabag.com <\/font>Mangbags olarak, \u00e7e\u015fitli \u00e7anta \u00fcr\u00fcnlerini online olarak sat\u0131\u015fa sunmaktay\u0131z.<\/p><p><strong>2. Toplad\u0131\u011f\u0131m\u0131z Veriler<\/strong><\/p><p>2.1. <strong>Yorumlar:<\/strong> Ziyaret\u00e7iler sitede yorum yapt\u0131\u011f\u0131nda, yorum formunda g\u00f6sterilen verileri, ziyaret\u00e7inin IP adresini ve taray\u0131c\u0131 kullan\u0131c\u0131 arac\u0131s\u0131 dizgisini spam tespiti i\u00e7in toplar\u0131z. E-posta adresinizden olu\u015fturulan anonimle\u015ftirilmi\u015f bir dizi (hash), Gravatar hizmetine sa\u011flanabilir. Yorumunuz onayland\u0131ktan sonra, profil resminiz yorumunuzun ba\u011flam\u0131nda halka g\u00f6r\u00fcn\u00fcr hale gelir.<\/p><p>2.2. <strong>Medya:<\/strong> Web sitesine resim y\u00fcklerseniz, g\u00f6m\u00fcl\u00fc konum verileri (EXIF GPS) i\u00e7eren resimler y\u00fcklemekten ka\u00e7\u0131nmal\u0131s\u0131n\u0131z. Web sitesindeki ziyaret\u00e7iler, resimlerden herhangi bir konum verisini indirebilir ve \u00e7\u0131karabilirler.<\/p><p>2.3. <strong>\u00c7erezler:<\/strong> Sitemize yorum b\u0131rak\u0131rsan\u0131z, ad\u0131n\u0131z\u0131, e-posta adresinizi ve web sitenizi \u00e7erezlerde kaydetmeyi se\u00e7ebilirsiniz. Bu \u00e7erezler bir y\u0131l boyunca ge\u00e7erli olacakt\u0131r. Giri\u015f sayfam\u0131z\u0131 ziyaret ederseniz, taray\u0131c\u0131n\u0131z\u0131n \u00e7erezleri kabul edip etmedi\u011fini belirlemek i\u00e7in ge\u00e7ici bir \u00e7erez ayarlayaca\u011f\u0131z. Bu \u00e7erez hi\u00e7bir ki\u015fisel veri i\u00e7ermez ve taray\u0131c\u0131n\u0131z\u0131 kapatt\u0131\u011f\u0131n\u0131zda kald\u0131r\u0131l\u0131r. Giri\u015f yapt\u0131\u011f\u0131n\u0131zda, giri\u015f bilgilerinizi ve ekran g\u00f6r\u00fcnt\u00fcleme se\u00e7eneklerinizi kaydetmek i\u00e7in birka\u00e7 \u00e7erez de ayarlayaca\u011f\u0131z. Giri\u015f \u00e7erezleri iki g\u00fcn boyunca, ekran se\u00e7enekleri \u00e7erezleri ise bir y\u0131l boyunca ge\u00e7erlidir. \"Beni Hat\u0131rla\"y\u0131 se\u00e7erseniz, giri\u015finiz iki hafta boyunca devam edecektir. Hesab\u0131n\u0131zdan \u00e7\u0131k\u0131\u015f yaparsan\u0131z, giri\u015f \u00e7erezleri kald\u0131r\u0131lacakt\u0131r. Bir makaleyi d\u00fczenlerseniz veya yay\u0131mlarsan\u0131z, taray\u0131c\u0131n\u0131za ek bir \u00e7erez kaydedilecektir. Bu \u00e7erez hi\u00e7bir ki\u015fisel veri i\u00e7ermez ve sadece d\u00fczenledi\u011finiz makalenin g\u00f6nderi kimli\u011fini g\u00f6sterir. 1 g\u00fcn sonra s\u00fcresi dolar.<\/p><p>2.4. <strong>Di\u011fer Web Sitelerinden G\u00f6m\u00fcl\u00fc \u0130\u00e7erik:<\/strong> Bu sitedeki makaleler g\u00f6m\u00fcl\u00fc i\u00e7erik i\u00e7erebilir (\u00f6r. videolar, resimler, makaleler, vb.). Di\u011fer web sitelerinden g\u00f6m\u00fcl\u00fc i\u00e7erik, ziyaret\u00e7inin di\u011fer web sitesini ziyaret etmi\u015f gibi ayn\u0131 \u015fekilde davran\u0131r. Bu web siteleri sizin hakk\u0131n\u0131zda veri toplayabilir, \u00e7erezler kullanabilir, ek \u00fc\u00e7\u00fcnc\u00fc taraf takibi yerle\u015ftirebilir ve g\u00f6m\u00fcl\u00fc i\u00e7erikle etkile\u015fiminizi izleyebilir, \u00f6zellikle de bir hesab\u0131n\u0131z varsa ve o web sitesinde oturum a\u00e7t\u0131ysan\u0131z g\u00f6m\u00fcl\u00fc i\u00e7erikle etkile\u015fiminizi takip edebilir.<\/p><p><strong>3. Verilerinizi Kimlerle Payla\u015f\u0131yoruz<\/strong><\/p><p>Bir parola s\u0131f\u0131rlama talep ederseniz, IP adresiniz s\u0131f\u0131rlama e-postas\u0131na dahil edilecektir.<\/p><p><strong>4. Verilerinizi Ne Kadar S\u00fcreyle Sakl\u0131yoruz<\/strong><\/p><p>4.1. Bir yorum b\u0131rak\u0131rsan\u0131z, yorum ve meta verileri s\u00fcresiz olarak saklan\u0131r. Bu, takip eden yorumlar\u0131 otomatik olarak tan\u0131yabilmemiz ve onaylayabilmemiz i\u00e7indir.<\/p><p>4.2. Web sitemize kay\u0131t olan kullan\u0131c\u0131lar (varsa), kullan\u0131c\u0131 profillerinde sa\u011flad\u0131klar\u0131 ki\u015fisel bilgileri de saklar\u0131z. T\u00fcm kullan\u0131c\u0131lar ki\u015fisel bilgilerini herhangi bir zamanda g\u00f6rebilir, d\u00fczenleyebilir veya silebilir (kullan\u0131c\u0131 adlar\u0131n\u0131 de\u011fi\u015ftiremezler). Web sitesi y\u00f6neticileri de bu bilgileri g\u00f6rebilir ve d\u00fczenleyebilir.<\/p><p><strong>5. Verileriniz \u00dczerindeki Haklar\u0131n\u0131z<\/strong><\/p><p>5.1. Bu sitede bir hesab\u0131n\u0131z varsa veya yorum b\u0131rakt\u0131ysan\u0131z, hakk\u0131n\u0131zda tuttu\u011fumuz ki\u015fisel verilerin bir d\u0131\u015fa aktar\u0131lm\u0131\u015f dosyas\u0131n\u0131 almay\u0131 talep edebilirsiniz.<\/p><p>5.2. Ayr\u0131ca, hakk\u0131n\u0131zda tuttu\u011fumuz ki\u015fisel verileri silmemizi talep edebilirsiniz. Bu, idari, yasal veya g\u00fcvenlik ama\u00e7lar\u0131 i\u00e7in saklamak zorunda oldu\u011fumuz herhangi bir veri i\u00e7ermez.<\/p><p><strong>6. Verilerinizi Nereye G\u00f6nderiyoruz<\/strong><\/p><p>Ziyaret\u00e7i yorumlar\u0131, otomatik bir spam tespit hizmeti arac\u0131l\u0131\u011f\u0131yla kontrol edilebilir.<\/p><p><strong>7. Verilerinizi Nas\u0131l Koruyoruz<\/strong><\/p><p>7.1. Mangbags, ki\u015fisel verilerinizi korumak i\u00e7in uygun teknik ve organizasyonel \u00f6nlemleri al\u0131r. Bu \u00f6nlemler, verilerin yetkisiz eri\u015fim, de\u011fi\u015ftirme, if\u015fa veya imhaya kar\u015f\u0131 korunmas\u0131n\u0131 i\u00e7erir.<\/p><p>7.2. Ki\u015fisel verilerinizi sadece bu politikada belirtilen ama\u00e7lar do\u011frultusunda ve yasal olarak gerekli olan s\u00fcre boyunca saklar\u0131z.<\/p><p><strong>8. \u0130leti\u015fim Bilgileri<\/strong><\/p><p>Herhangi bir soru veya talebiniz i\u00e7in bizimle ileti\u015fime ge\u00e7ebilirsiniz:<\/p><ul><li>E-posta: info@vinabag.com<\/li><\/ul>https:\/\/vinabag.com\/<\/p>\t\t\t\t<\/div>\n\t\t\t\t<\/div>\n\t\t\t\t\t<\/div>\n\t\t<\/div>\n\t\t\t\t\t<\/div>\n\t\t<\/section>\n\t\t\t\t<\/div>\n\t\t","protected":false},"excerpt":{"rendered":"<p>Gizlilik Politikas\u0131 Mangbags olarak, m\u00fc\u015fterilerimizin gizlili\u011fine b\u00fcy\u00fck \u00f6nem veriyoruz. Bu gizlilik politikas\u0131, ki\u015fisel verilerinizin nas\u0131l topland\u0131\u011f\u0131n\u0131, kullan\u0131ld\u0131\u011f\u0131n\u0131, payla\u015f\u0131ld\u0131\u011f\u0131n\u0131 ve korundu\u011funu a\u00e7\u0131klamaktad\u0131r. Web sitemizi kullanarak, bu politikay\u0131 kabul etmi\u015f say\u0131l\u0131rs\u0131n\u0131z. 1. Kim Oldu\u011fumuz Web sitemizin adresi: https:\/\/vinabag.com Mangbags olarak, \u00e7e\u015fitli \u00e7anta \u00fcr\u00fcnlerini online olarak sat\u0131\u015fa sunmaktay\u0131z. 2. Toplad\u0131\u011f\u0131m\u0131z Veriler 2.1. Yorumlar: Ziyaret\u00e7iler sitede yorum yapt\u0131\u011f\u0131nda, yorum<\/p>\n<div class=\"klb-readmore entry-button\"><a class=\"btn link\" href=\"https:\/\/vinabag.com\/index.php\/gizlilik-politikasi\/\">Daha fazla bilgi edinin <i class=\"klbth-icon-right-arrow\"><\/i><\/a><\/div>\n","protected":false},"author":1,"featured_media":0,"parent":0,"menu_order":0,"comment_status":"closed","ping_status":"closed","template":"","meta":{"footnotes":""},"class_list":["post-2701","page","type-page","status-publish","hentry"],"_links":{"self":[{"href":"https:\/\/vinabag.com\/index.php\/wp-json\/wp\/v2\/pages\/2701","targetHints":{"allow":["GET"]}}],"collection":[{"href":"https:\/\/vinabag.com\/index.php\/wp-json\/wp\/v2\/pages"}],"about":[{"href":"https:\/\/vinabag.com\/index.php\/wp-json\/wp\/v2\/types\/page"}],"author":[{"embeddable":true,"href":"https:\/\/vinabag.com\/index.php\/wp-json\/wp\/v2\/users\/1"}],"replies":[{"embeddable":true,"href":"https:\/\/vinabag.com\/index.php\/wp-json\/wp\/v2\/comments?post=2701"}],"version-history":[{"count":7,"href":"https:\/\/vinabag.com\/index.php\/wp-json\/wp\/v2\/pages\/2701\/revisions"}],"predecessor-version":[{"id":2932,"href":"https:\/\/vinabag.com\/index.php\/wp-json\/wp\/v2\/pages\/2701\/revisions\/2932"}],"wp:attachment":[{"href":"https:\/\/vinabag.com\/index.php\/wp-json\/wp\/v2\/media?parent=2701"}],"curies":[{"name":"wp","href":"https:\/\/api.w.org\/{rel}","templated":true}]}}