{"id":2971,"date":"2026-02-16T00:03:12","date_gmt":"2026-02-15T21:03:12","guid":{"rendered":"https:\/\/vinabag.com\/?post_type=product&#038;p=2971"},"modified":"2026-02-22T02:30:33","modified_gmt":"2026-02-21T23:30:33","slug":"yildiz-kristal-tasli-canta-charmi-aksesuar","status":"publish","type":"product","link":"https:\/\/vinabag.com\/index.php\/urun\/yildiz-kristal-tasli-canta-charmi-aksesuar\/","title":{"rendered":"Y\u0131ld\u0131z Kristal Ta\u015fl\u0131 \u00c7anta Charm\u0131 &#038; Aksesuar"},"content":{"rendered":"<h2>Kombinlerinizi Farkl\u0131la\u015ft\u0131r\u0131n<\/h2>\n<p>Kombinlerinizi s\u0131radanl\u0131ktan \u00e7\u0131karacak o k\u00fc\u00e7\u00fck ama etkili dokunu\u015fu ar\u0131yorsan\u0131z, do\u011fru yerdesiniz! Bu \u00f6zel tasar\u0131m \u00fcr\u00fcn, sadece bir anahtarl\u0131k de\u011fil, ayn\u0131 zamanda \u00e7anta aksesuar\u0131 olarak kullanabilece\u011finiz muhte\u015fem bir par\u00e7ad\u0131r.<\/p>\n<h2>Hem \u015e\u0131kl\u0131k Hem Kullan\u0131\u015fl\u0131l\u0131k<\/h2>\n<p>Zarif tasar\u0131m\u0131, \u0131\u015f\u0131lt\u0131s\u0131yla g\u00f6z kama\u015ft\u0131r\u0131rken, kullan\u0131\u015fl\u0131 yap\u0131s\u0131yla da \u00f6ne \u00e7\u0131k\u0131yor. \u015e\u0131kl\u0131k ve kullan\u0131m kolayl\u0131\u011f\u0131n\u0131 bir araya getiren bu \u00fcr\u00fcn, g\u00fcnl\u00fck hayat\u0131n\u0131za zarif bir detay katacak.<\/p>\n<h2>Her Kombine Uyum Sa\u011flar<\/h2>\n<p>Tarz\u0131n\u0131z\u0131 tamamlamak i\u00e7in ideal olan bu aksesuar, hem klasik hem spor kombinlerinize m\u00fckemmel bir uyum sa\u011flar. Hem fonksiyonel hem de estetik olan bu \u00fcr\u00fcn, vazge\u00e7ilmez bir par\u00e7a haline gelebilir.<\/p>\n","protected":false},"excerpt":{"rendered":"<p>Kombinlerinizi Farkl\u0131la\u015ft\u0131r\u0131n Kombinlerinizi s\u0131radanl\u0131ktan \u00e7\u0131karacak o k\u00fc\u00e7\u00fck ama etkili dokunu\u015fu ar\u0131yorsan\u0131z, do\u011fru yerdesiniz! Bu \u00f6zel tasar\u0131m \u00fcr\u00fcn, sadece bir anahtarl\u0131k de\u011fil, ayn\u0131 zamanda \u00e7anta aksesuar\u0131 olarak kullanabilece\u011finiz muhte\u015fem bir par\u00e7ad\u0131r. Hem \u015e\u0131kl\u0131k Hem Kullan\u0131\u015fl\u0131l\u0131k Zarif tasar\u0131m\u0131, \u0131\u015f\u0131lt\u0131s\u0131yla g\u00f6z kama\u015ft\u0131r\u0131rken, kullan\u0131\u015fl\u0131 yap\u0131s\u0131yla da \u00f6ne \u00e7\u0131k\u0131yor. \u015e\u0131kl\u0131k ve kullan\u0131m kolayl\u0131\u011f\u0131n\u0131 bir araya getiren bu \u00fcr\u00fcn, g\u00fcnl\u00fck hayat\u0131n\u0131za<\/p>\n<div class=\"klb-readmore entry-button\"><a class=\"btn link\" href=\"https:\/\/vinabag.com\/index.php\/urun\/yildiz-kristal-tasli-canta-charmi-aksesuar\/\">Daha fazla bilgi edinin <i class=\"klbth-icon-right-arrow\"><\/i><\/a><\/div>\n","protected":false},"featured_media":2972,"comment_status":"open","ping_status":"closed","template":"","meta":[],"product_brand":[],"product_cat":[38],"product_tag":[],"class_list":{"0":"post-2971","1":"product","2":"type-product","3":"status-publish","4":"has-post-thumbnail","6":"product_cat-genel","8":"first","9":"instock","10":"sale","11":"shipping-taxable","12":"purchasable","13":"product-type-simple"},"_links":{"self":[{"href":"https:\/\/vinabag.com\/index.php\/wp-json\/wp\/v2\/product\/2971","targetHints":{"allow":["GET"]}}],"collection":[{"href":"https:\/\/vinabag.com\/index.php\/wp-json\/wp\/v2\/product"}],"about":[{"href":"https:\/\/vinabag.com\/index.php\/wp-json\/wp\/v2\/types\/product"}],"replies":[{"embeddable":true,"href":"https:\/\/vinabag.com\/index.php\/wp-json\/wp\/v2\/comments?post=2971"}],"wp:featuredmedia":[{"embeddable":true,"href":"https:\/\/vinabag.com\/index.php\/wp-json\/wp\/v2\/media\/2972"}],"wp:attachment":[{"href":"https:\/\/vinabag.com\/index.php\/wp-json\/wp\/v2\/media?parent=2971"}],"wp:term":[{"taxonomy":"product_brand","embeddable":true,"href":"https:\/\/vinabag.com\/index.php\/wp-json\/wp\/v2\/product_brand?post=2971"},{"taxonomy":"product_cat","embeddable":true,"href":"https:\/\/vinabag.com\/index.php\/wp-json\/wp\/v2\/product_cat?post=2971"},{"taxonomy":"product_tag","embeddable":true,"href":"https:\/\/vinabag.com\/index.php\/wp-json\/wp\/v2\/product_tag?post=2971"}],"curies":[{"name":"wp","href":"https:\/\/api.w.org\/{rel}","templated":true}]}}