{"id":2974,"date":"2026-02-16T01:14:35","date_gmt":"2026-02-15T22:14:35","guid":{"rendered":"https:\/\/vinabag.com\/?post_type=product&#038;p=2974"},"modified":"2026-02-22T02:43:51","modified_gmt":"2026-02-21T23:43:51","slug":"ari-figurlu-zirkon-tasli-gold-kadin-316l-celik-kolye","status":"publish","type":"product","link":"https:\/\/vinabag.com\/index.php\/urun\/ari-figurlu-zirkon-tasli-gold-kadin-316l-celik-kolye\/","title":{"rendered":"Ar\u0131 Fig\u00fcrl\u00fc Zirkon Ta\u015fl\u0131 Gold Kad\u0131n 316L \u00c7elik Kolye"},"content":{"rendered":"<div id=\"rich-content-wrapper\">\n<div>\n<h3><b>\u00dcr\u00fcn \u00d6zellikleri:<\/b><\/h3>\n<ul>\n<li><b>Materyal:<\/b> Y\u00fcksek kaliteli <b>316L Paslanmaz \u00c7elikten<\/b> \u00fcretilmi\u015ftir.<\/li>\n<li><b>Dayan\u0131kl\u0131l\u0131k:<\/b> Kararma, solma veya paslanma yapmaz. Suya, denize ve parf\u00fcme kar\u015f\u0131 dayan\u0131kl\u0131d\u0131r.<\/li>\n<li><b>Cilt Dostu:<\/b> Antialerjiktir, hassas ciltler i\u00e7in uygundur; veya k\u0131zar\u0131kl\u0131k yapmaz.<\/li>\n<li>\n<div><b>Ta\u015f Detay\u0131:<\/b> Ar\u0131 fig\u00fcr\u00fc \u00fczerindeki kanatlar, y\u00fcksek kaliteli parlak zirkon ta\u015flarla i\u015flenmi\u015ftir.<\/div>\n<\/li>\n<\/ul>\n<div><\/div>\n<\/div>\n<\/div>\n","protected":false},"excerpt":{"rendered":"<p>\u00dcr\u00fcn \u00d6zellikleri: Materyal: Y\u00fcksek kaliteli 316L Paslanmaz \u00c7elikten \u00fcretilmi\u015ftir. Dayan\u0131kl\u0131l\u0131k: Kararma, solma veya paslanma yapmaz. Suya, denize ve parf\u00fcme kar\u015f\u0131 dayan\u0131kl\u0131d\u0131r. Cilt Dostu: Antialerjiktir, hassas ciltler i\u00e7in uygundur; veya k\u0131zar\u0131kl\u0131k yapmaz. Ta\u015f Detay\u0131: Ar\u0131 fig\u00fcr\u00fc \u00fczerindeki kanatlar, y\u00fcksek kaliteli parlak zirkon ta\u015flarla i\u015flenmi\u015ftir.<\/p>\n","protected":false},"featured_media":2976,"comment_status":"open","ping_status":"closed","template":"","meta":[],"product_brand":[],"product_cat":[98],"product_tag":[],"class_list":{"0":"post-2974","1":"product","2":"type-product","3":"status-publish","4":"has-post-thumbnail","6":"product_cat-celik-kolye","8":"first","9":"instock","10":"sale","11":"shipping-taxable","12":"purchasable","13":"product-type-simple"},"_links":{"self":[{"href":"https:\/\/vinabag.com\/index.php\/wp-json\/wp\/v2\/product\/2974","targetHints":{"allow":["GET"]}}],"collection":[{"href":"https:\/\/vinabag.com\/index.php\/wp-json\/wp\/v2\/product"}],"about":[{"href":"https:\/\/vinabag.com\/index.php\/wp-json\/wp\/v2\/types\/product"}],"replies":[{"embeddable":true,"href":"https:\/\/vinabag.com\/index.php\/wp-json\/wp\/v2\/comments?post=2974"}],"wp:featuredmedia":[{"embeddable":true,"href":"https:\/\/vinabag.com\/index.php\/wp-json\/wp\/v2\/media\/2976"}],"wp:attachment":[{"href":"https:\/\/vinabag.com\/index.php\/wp-json\/wp\/v2\/media?parent=2974"}],"wp:term":[{"taxonomy":"product_brand","embeddable":true,"href":"https:\/\/vinabag.com\/index.php\/wp-json\/wp\/v2\/product_brand?post=2974"},{"taxonomy":"product_cat","embeddable":true,"href":"https:\/\/vinabag.com\/index.php\/wp-json\/wp\/v2\/product_cat?post=2974"},{"taxonomy":"product_tag","embeddable":true,"href":"https:\/\/vinabag.com\/index.php\/wp-json\/wp\/v2\/product_tag?post=2974"}],"curies":[{"name":"wp","href":"https:\/\/api.w.org\/{rel}","templated":true}]}}