{"id":2993,"date":"2026-02-22T02:29:23","date_gmt":"2026-02-21T23:29:23","guid":{"rendered":"https:\/\/vinabag.com\/?post_type=product&#038;p=2993"},"modified":"2026-02-22T02:35:03","modified_gmt":"2026-02-21T23:35:03","slug":"minimal-tasarimli-kadin-gumus-renk-celik-kolye-pembe-tasli-baget-kalp-figurlu-316l-paslanmaz-celik","status":"publish","type":"product","link":"https:\/\/vinabag.com\/index.php\/urun\/minimal-tasarimli-kadin-gumus-renk-celik-kolye-pembe-tasli-baget-kalp-figurlu-316l-paslanmaz-celik\/","title":{"rendered":"Minimal Tasar\u0131ml\u0131 Kad\u0131n G\u00fcm\u00fc\u015f Renk \u00c7elik Kolye Pembe Ta\u015fl\u0131 Baget Kalp Fig\u00fcrl\u00fc -316L Paslanmaz \u00c7elik"},"content":{"rendered":"<p>Zarafeti ve dayan\u0131kl\u0131l\u0131\u011f\u0131 bir arada sunan bu \u00f6zel tasar\u0131m kalp kolye, stilinize romantik bir dokunu\u015f kat\u0131yor. Y\u00fcksek kaliteli <b>316L paslanmaz \u00e7elikten<\/b> \u00fcretilmi\u015ftir, bu sayede uzun s\u00fcreli kullan\u0131mda dahi parlakl\u0131\u011f\u0131n\u0131 korur ve <b>kararma yapmaz<\/b>.<\/p>\n","protected":false},"excerpt":{"rendered":"<p>Zarafeti ve dayan\u0131kl\u0131l\u0131\u011f\u0131 bir arada sunan bu \u00f6zel tasar\u0131m kalp kolye, stilinize romantik bir dokunu\u015f kat\u0131yor. Y\u00fcksek kaliteli 316L paslanmaz \u00e7elikten \u00fcretilmi\u015ftir, bu sayede uzun s\u00fcreli kullan\u0131mda dahi parlakl\u0131\u011f\u0131n\u0131 korur ve kararma yapmaz.<\/p>\n","protected":false},"featured_media":2996,"comment_status":"open","ping_status":"closed","template":"","meta":[],"product_brand":[],"product_cat":[98],"product_tag":[],"class_list":{"0":"post-2993","1":"product","2":"type-product","3":"status-publish","4":"has-post-thumbnail","6":"product_cat-celik-kolye","8":"first","9":"instock","10":"sale","11":"shipping-taxable","12":"purchasable","13":"product-type-simple"},"_links":{"self":[{"href":"https:\/\/vinabag.com\/index.php\/wp-json\/wp\/v2\/product\/2993","targetHints":{"allow":["GET"]}}],"collection":[{"href":"https:\/\/vinabag.com\/index.php\/wp-json\/wp\/v2\/product"}],"about":[{"href":"https:\/\/vinabag.com\/index.php\/wp-json\/wp\/v2\/types\/product"}],"replies":[{"embeddable":true,"href":"https:\/\/vinabag.com\/index.php\/wp-json\/wp\/v2\/comments?post=2993"}],"wp:featuredmedia":[{"embeddable":true,"href":"https:\/\/vinabag.com\/index.php\/wp-json\/wp\/v2\/media\/2996"}],"wp:attachment":[{"href":"https:\/\/vinabag.com\/index.php\/wp-json\/wp\/v2\/media?parent=2993"}],"wp:term":[{"taxonomy":"product_brand","embeddable":true,"href":"https:\/\/vinabag.com\/index.php\/wp-json\/wp\/v2\/product_brand?post=2993"},{"taxonomy":"product_cat","embeddable":true,"href":"https:\/\/vinabag.com\/index.php\/wp-json\/wp\/v2\/product_cat?post=2993"},{"taxonomy":"product_tag","embeddable":true,"href":"https:\/\/vinabag.com\/index.php\/wp-json\/wp\/v2\/product_tag?post=2993"}],"curies":[{"name":"wp","href":"https:\/\/api.w.org\/{rel}","templated":true}]}}