{"id":2998,"date":"2026-02-22T02:34:05","date_gmt":"2026-02-21T23:34:05","guid":{"rendered":"https:\/\/vinabag.com\/?post_type=product&#038;p=2998"},"modified":"2026-02-22T02:43:15","modified_gmt":"2026-02-21T23:43:15","slug":"minimal-kadin-gold-etegi-hologram-tasli-balerin-figurlu-kolye-316l-celik-hediye-kutulu-sik-tasarim","status":"publish","type":"product","link":"https:\/\/vinabag.com\/index.php\/urun\/minimal-kadin-gold-etegi-hologram-tasli-balerin-figurlu-kolye-316l-celik-hediye-kutulu-sik-tasarim\/","title":{"rendered":"Minimal Kad\u0131n Gold Ete\u011fi Hologram Ta\u015fl\u0131 Balerin Fig\u00fcrl\u00fc Kolye -316L \u00c7elik Hediye Kutulu \u015e\u0131k Tasar\u0131m"},"content":{"rendered":"<div id=\"rich-content-wrapper\">\n<div>\n<p><b>Zarafetin ve Dans\u0131n I\u015f\u0131lt\u0131s\u0131:<br \/>\nBalerin Fig\u00fcrl\u00fc Gold \u00c7elik Kolye<\/b><\/p>\n<p>Tarz\u0131n\u0131za romantik bir dokunu\u015f katacak bu \u00f6zel tasar\u0131m <b>balerin kolye<\/b>, zarafeti kaliteyle bulu\u015fturuyor. I\u015f\u0131lt\u0131l\u0131 ta\u015flarla detayland\u0131r\u0131lm\u0131\u015f balerin fig\u00fcr\u00fc, her hareketinizde g\u00f6z al\u0131c\u0131 bir parlakl\u0131k sunar<\/p>\n<\/div>\n<\/div>\n","protected":false},"excerpt":{"rendered":"<p>Zarafetin ve Dans\u0131n I\u015f\u0131lt\u0131s\u0131: Balerin Fig\u00fcrl\u00fc Gold \u00c7elik Kolye Tarz\u0131n\u0131za romantik bir dokunu\u015f katacak bu \u00f6zel tasar\u0131m balerin kolye, zarafeti kaliteyle bulu\u015fturuyor. I\u015f\u0131lt\u0131l\u0131 ta\u015flarla detayland\u0131r\u0131lm\u0131\u015f balerin fig\u00fcr\u00fc, her hareketinizde g\u00f6z al\u0131c\u0131 bir parlakl\u0131k sunar<\/p>\n","protected":false},"featured_media":3001,"comment_status":"open","ping_status":"closed","template":"","meta":[],"product_brand":[],"product_cat":[98],"product_tag":[],"class_list":{"0":"post-2998","1":"product","2":"type-product","3":"status-publish","4":"has-post-thumbnail","6":"product_cat-celik-kolye","8":"first","9":"instock","10":"sale","11":"shipping-taxable","12":"purchasable","13":"product-type-simple"},"_links":{"self":[{"href":"https:\/\/vinabag.com\/index.php\/wp-json\/wp\/v2\/product\/2998","targetHints":{"allow":["GET"]}}],"collection":[{"href":"https:\/\/vinabag.com\/index.php\/wp-json\/wp\/v2\/product"}],"about":[{"href":"https:\/\/vinabag.com\/index.php\/wp-json\/wp\/v2\/types\/product"}],"replies":[{"embeddable":true,"href":"https:\/\/vinabag.com\/index.php\/wp-json\/wp\/v2\/comments?post=2998"}],"wp:featuredmedia":[{"embeddable":true,"href":"https:\/\/vinabag.com\/index.php\/wp-json\/wp\/v2\/media\/3001"}],"wp:attachment":[{"href":"https:\/\/vinabag.com\/index.php\/wp-json\/wp\/v2\/media?parent=2998"}],"wp:term":[{"taxonomy":"product_brand","embeddable":true,"href":"https:\/\/vinabag.com\/index.php\/wp-json\/wp\/v2\/product_brand?post=2998"},{"taxonomy":"product_cat","embeddable":true,"href":"https:\/\/vinabag.com\/index.php\/wp-json\/wp\/v2\/product_cat?post=2998"},{"taxonomy":"product_tag","embeddable":true,"href":"https:\/\/vinabag.com\/index.php\/wp-json\/wp\/v2\/product_tag?post=2998"}],"curies":[{"name":"wp","href":"https:\/\/api.w.org\/{rel}","templated":true}]}}