{"id":3003,"date":"2026-02-22T02:39:26","date_gmt":"2026-02-21T23:39:26","guid":{"rendered":"https:\/\/vinabag.com\/?post_type=product&#038;p=3003"},"modified":"2026-02-22T02:45:13","modified_gmt":"2026-02-21T23:45:13","slug":"minimal-kadin-gold-celik-kolye-pembe-zirkon-tasli-cicek-yonca-figurlu-316l-celik","status":"publish","type":"product","link":"https:\/\/vinabag.com\/index.php\/urun\/minimal-kadin-gold-celik-kolye-pembe-zirkon-tasli-cicek-yonca-figurlu-316l-celik\/","title":{"rendered":"Minimal Kad\u0131n Gold \u00c7elik Kolye Pembe Zirkon Ta\u015fl\u0131 \u00c7i\u00e7ek Yonca Fig\u00fcrl\u00fc- 316L \u00c7elik"},"content":{"rendered":"<div id=\"rich-content-wrapper\">\n<div>\n<p><b>I\u015f\u0131lt\u0131n\u0131z\u0131 Pembe Zarafetle Tamamlay\u0131n!<\/b> Vina Jewelry koleksiyonunun bu \u00f6zel par\u00e7as\u0131, enerjinizi y\u00fckseltecek pembe zirkon ta\u015flar\u0131 ve \u015fans\u0131n sembol\u00fc yonca fig\u00fcr\u00fcyle tasarland\u0131. Hem modern hem de romantik bir dokunu\u015f arayan kad\u0131nlar i\u00e7in ideal bir se\u00e7im.<\/p>\n<h3><b>\ud83d\udc8e \u00dcr\u00fcn \u00d6zellikleri:<\/b><\/h3>\n<ul>\n<li><b>Materyal:<\/b> Birinci s\u0131n\u0131f <b>316L Paslanmaz \u00c7elik<\/b>. (Denizde, havuzda veya du\u015fta kararma yapmaz.)<\/li>\n<li><b>Ta\u015f Detay\u0131:<\/b> I\u015f\u0131lt\u0131s\u0131n\u0131 uzun s\u00fcre koruyan, A kalite <b>Pembe Zirkon Ta\u015flar<\/b>.<\/li>\n<\/ul>\n<div><\/div>\n<\/div>\n<\/div>\n","protected":false},"excerpt":{"rendered":"<p>I\u015f\u0131lt\u0131n\u0131z\u0131 Pembe Zarafetle Tamamlay\u0131n! Vina Jewelry koleksiyonunun bu \u00f6zel par\u00e7as\u0131, enerjinizi y\u00fckseltecek pembe zirkon ta\u015flar\u0131 ve \u015fans\u0131n sembol\u00fc yonca fig\u00fcr\u00fcyle tasarland\u0131. Hem modern hem de romantik bir dokunu\u015f arayan kad\u0131nlar i\u00e7in ideal bir se\u00e7im. \ud83d\udc8e \u00dcr\u00fcn \u00d6zellikleri: Materyal: Birinci s\u0131n\u0131f 316L Paslanmaz \u00c7elik. (Denizde, havuzda veya du\u015fta kararma yapmaz.) Ta\u015f Detay\u0131: I\u015f\u0131lt\u0131s\u0131n\u0131 uzun s\u00fcre koruyan,<\/p>\n<div class=\"klb-readmore entry-button\"><a class=\"btn link\" href=\"https:\/\/vinabag.com\/index.php\/urun\/minimal-kadin-gold-celik-kolye-pembe-zirkon-tasli-cicek-yonca-figurlu-316l-celik\/\">Daha fazla bilgi edinin <i class=\"klbth-icon-right-arrow\"><\/i><\/a><\/div>\n","protected":false},"featured_media":3006,"comment_status":"open","ping_status":"closed","template":"","meta":[],"product_brand":[],"product_cat":[98],"product_tag":[],"class_list":{"0":"post-3003","1":"product","2":"type-product","3":"status-publish","4":"has-post-thumbnail","6":"product_cat-celik-kolye","8":"first","9":"instock","10":"sale","11":"shipping-taxable","12":"purchasable","13":"product-type-simple"},"_links":{"self":[{"href":"https:\/\/vinabag.com\/index.php\/wp-json\/wp\/v2\/product\/3003","targetHints":{"allow":["GET"]}}],"collection":[{"href":"https:\/\/vinabag.com\/index.php\/wp-json\/wp\/v2\/product"}],"about":[{"href":"https:\/\/vinabag.com\/index.php\/wp-json\/wp\/v2\/types\/product"}],"replies":[{"embeddable":true,"href":"https:\/\/vinabag.com\/index.php\/wp-json\/wp\/v2\/comments?post=3003"}],"wp:featuredmedia":[{"embeddable":true,"href":"https:\/\/vinabag.com\/index.php\/wp-json\/wp\/v2\/media\/3006"}],"wp:attachment":[{"href":"https:\/\/vinabag.com\/index.php\/wp-json\/wp\/v2\/media?parent=3003"}],"wp:term":[{"taxonomy":"product_brand","embeddable":true,"href":"https:\/\/vinabag.com\/index.php\/wp-json\/wp\/v2\/product_brand?post=3003"},{"taxonomy":"product_cat","embeddable":true,"href":"https:\/\/vinabag.com\/index.php\/wp-json\/wp\/v2\/product_cat?post=3003"},{"taxonomy":"product_tag","embeddable":true,"href":"https:\/\/vinabag.com\/index.php\/wp-json\/wp\/v2\/product_tag?post=3003"}],"curies":[{"name":"wp","href":"https:\/\/api.w.org\/{rel}","templated":true}]}}