{"id":3009,"date":"2026-02-22T02:42:02","date_gmt":"2026-02-21T23:42:02","guid":{"rendered":"https:\/\/vinabag.com\/?post_type=product&#038;p=3009"},"modified":"2026-02-22T02:42:46","modified_gmt":"2026-02-21T23:42:46","slug":"minimal-kadin-gold-pembe-zirkon-tasli-papatya-figurlu-316l-kararmaz-celik","status":"publish","type":"product","link":"https:\/\/vinabag.com\/index.php\/urun\/minimal-kadin-gold-pembe-zirkon-tasli-papatya-figurlu-316l-kararmaz-celik\/","title":{"rendered":"Minimal Kad\u0131n Gold Pembe Zirkon Ta\u015fl\u0131 Papatya Fig\u00fcrl\u00fc 316L Kararmaz \u00c7elik"},"content":{"rendered":"<p><b>Zarafetin I\u015f\u0131lt\u0131s\u0131 Boynunuzda!<br \/>\n<\/b> Vina Jewelry koleksiyonunun en sevilen par\u00e7alar\u0131ndan biri olan bu \u00e7i\u00e7ek fig\u00fcrl\u00fc kolye, hem modern tasar\u0131m\u0131yla g\u00fcnl\u00fck stilinize uyum sa\u011flar hem de \u00f6zel g\u00fcnlerinizde \u015f\u0131kl\u0131\u011f\u0131n\u0131z\u0131 tamamlar. Y\u00fcksek kaliteli \u00e7elik yap\u0131s\u0131 sayesinde uzun y\u0131llar ilk g\u00fcnk\u00fc parlakl\u0131\u011f\u0131n\u0131 korur.<\/p>\n","protected":false},"excerpt":{"rendered":"<p>Zarafetin I\u015f\u0131lt\u0131s\u0131 Boynunuzda! Vina Jewelry koleksiyonunun en sevilen par\u00e7alar\u0131ndan biri olan bu \u00e7i\u00e7ek fig\u00fcrl\u00fc kolye, hem modern tasar\u0131m\u0131yla g\u00fcnl\u00fck stilinize uyum sa\u011flar hem de \u00f6zel g\u00fcnlerinizde \u015f\u0131kl\u0131\u011f\u0131n\u0131z\u0131 tamamlar. Y\u00fcksek kaliteli \u00e7elik yap\u0131s\u0131 sayesinde uzun y\u0131llar ilk g\u00fcnk\u00fc parlakl\u0131\u011f\u0131n\u0131 korur.<\/p>\n","protected":false},"featured_media":3012,"comment_status":"open","ping_status":"closed","template":"","meta":[],"product_brand":[],"product_cat":[98],"product_tag":[],"class_list":{"0":"post-3009","1":"product","2":"type-product","3":"status-publish","4":"has-post-thumbnail","6":"product_cat-celik-kolye","8":"first","9":"instock","10":"sale","11":"shipping-taxable","12":"purchasable","13":"product-type-simple"},"_links":{"self":[{"href":"https:\/\/vinabag.com\/index.php\/wp-json\/wp\/v2\/product\/3009","targetHints":{"allow":["GET"]}}],"collection":[{"href":"https:\/\/vinabag.com\/index.php\/wp-json\/wp\/v2\/product"}],"about":[{"href":"https:\/\/vinabag.com\/index.php\/wp-json\/wp\/v2\/types\/product"}],"replies":[{"embeddable":true,"href":"https:\/\/vinabag.com\/index.php\/wp-json\/wp\/v2\/comments?post=3009"}],"wp:featuredmedia":[{"embeddable":true,"href":"https:\/\/vinabag.com\/index.php\/wp-json\/wp\/v2\/media\/3012"}],"wp:attachment":[{"href":"https:\/\/vinabag.com\/index.php\/wp-json\/wp\/v2\/media?parent=3009"}],"wp:term":[{"taxonomy":"product_brand","embeddable":true,"href":"https:\/\/vinabag.com\/index.php\/wp-json\/wp\/v2\/product_brand?post=3009"},{"taxonomy":"product_cat","embeddable":true,"href":"https:\/\/vinabag.com\/index.php\/wp-json\/wp\/v2\/product_cat?post=3009"},{"taxonomy":"product_tag","embeddable":true,"href":"https:\/\/vinabag.com\/index.php\/wp-json\/wp\/v2\/product_tag?post=3009"}],"curies":[{"name":"wp","href":"https:\/\/api.w.org\/{rel}","templated":true}]}}