{"id":3016,"date":"2026-02-22T02:50:28","date_gmt":"2026-02-21T23:50:28","guid":{"rendered":"https:\/\/vinabag.com\/?post_type=product&#038;p=3016"},"modified":"2026-02-22T04:03:07","modified_gmt":"2026-02-22T01:03:07","slug":"minimal-gold-celik-cicek-kolye-zirkon-tasli-kadin-316l-paslanmaz-celik-sik-hediye-kolye","status":"publish","type":"product","link":"https:\/\/vinabag.com\/index.php\/urun\/minimal-gold-celik-cicek-kolye-zirkon-tasli-kadin-316l-paslanmaz-celik-sik-hediye-kolye\/","title":{"rendered":"Minimal Gold \u00c7elik \u00c7i\u00e7ek Kolye Zirkon Ta\u015fl\u0131 Kad\u0131n 316L Paslanmaz \u00c7elik \u015e\u0131k Hediye Kolye"},"content":{"rendered":"","protected":false},"excerpt":{"rendered":"","protected":false},"featured_media":3020,"comment_status":"open","ping_status":"closed","template":"","meta":[],"product_brand":[],"product_cat":[98],"product_tag":[],"class_list":{"0":"post-3016","1":"product","2":"type-product","3":"status-publish","4":"has-post-thumbnail","6":"product_cat-celik-kolye","8":"first","9":"instock","10":"sale","11":"shipping-taxable","12":"purchasable","13":"product-type-simple"},"_links":{"self":[{"href":"https:\/\/vinabag.com\/index.php\/wp-json\/wp\/v2\/product\/3016","targetHints":{"allow":["GET"]}}],"collection":[{"href":"https:\/\/vinabag.com\/index.php\/wp-json\/wp\/v2\/product"}],"about":[{"href":"https:\/\/vinabag.com\/index.php\/wp-json\/wp\/v2\/types\/product"}],"replies":[{"embeddable":true,"href":"https:\/\/vinabag.com\/index.php\/wp-json\/wp\/v2\/comments?post=3016"}],"wp:featuredmedia":[{"embeddable":true,"href":"https:\/\/vinabag.com\/index.php\/wp-json\/wp\/v2\/media\/3020"}],"wp:attachment":[{"href":"https:\/\/vinabag.com\/index.php\/wp-json\/wp\/v2\/media?parent=3016"}],"wp:term":[{"taxonomy":"product_brand","embeddable":true,"href":"https:\/\/vinabag.com\/index.php\/wp-json\/wp\/v2\/product_brand?post=3016"},{"taxonomy":"product_cat","embeddable":true,"href":"https:\/\/vinabag.com\/index.php\/wp-json\/wp\/v2\/product_cat?post=3016"},{"taxonomy":"product_tag","embeddable":true,"href":"https:\/\/vinabag.com\/index.php\/wp-json\/wp\/v2\/product_tag?post=3016"}],"curies":[{"name":"wp","href":"https:\/\/api.w.org\/{rel}","templated":true}]}}